{"id":58,"date":"2020-09-08T15:31:32","date_gmt":"2020-09-08T13:31:32","guid":{"rendered":"http:\/\/www.druide-audio.fr\/?page_id=58"},"modified":"2022-12-20T18:39:05","modified_gmt":"2022-12-20T17:39:05","slug":"supports","status":"publish","type":"page","link":"https:\/\/www.druide-audio.fr\/index.php\/supports\/","title":{"rendered":"Supports"},"content":{"rendered":"","protected":false},"excerpt":{"rendered":"","protected":false},"author":1,"featured_media":0,"parent":0,"menu_order":0,"comment_status":"closed","ping_status":"closed","template":"","meta":{"footnotes":""},"class_list":["post-58","page","type-page","status-publish","czr-hentry"],"jetpack-related-posts":[{"id":845,"url":"https:\/\/www.druide-audio.fr\/index.php\/support-premiere-generation\/","url_meta":{"origin":58,"position":0},"title":"Support premi\u00e8re g\u00e9n\u00e9ration","date":"29 janvier 2023","format":false,"excerpt":"","rel":"","context":"Article similaire","img":{"alt_text":"","src":"","width":0,"height":0},"classes":[]}],"_links":{"self":[{"href":"https:\/\/www.druide-audio.fr\/index.php\/wp-json\/wp\/v2\/pages\/58","targetHints":{"allow":["GET"]}}],"collection":[{"href":"https:\/\/www.druide-audio.fr\/index.php\/wp-json\/wp\/v2\/pages"}],"about":[{"href":"https:\/\/www.druide-audio.fr\/index.php\/wp-json\/wp\/v2\/types\/page"}],"author":[{"embeddable":true,"href":"https:\/\/www.druide-audio.fr\/index.php\/wp-json\/wp\/v2\/users\/1"}],"replies":[{"embeddable":true,"href":"https:\/\/www.druide-audio.fr\/index.php\/wp-json\/wp\/v2\/comments?post=58"}],"version-history":[{"count":12,"href":"https:\/\/www.druide-audio.fr\/index.php\/wp-json\/wp\/v2\/pages\/58\/revisions"}],"predecessor-version":[{"id":615,"href":"https:\/\/www.druide-audio.fr\/index.php\/wp-json\/wp\/v2\/pages\/58\/revisions\/615"}],"wp:attachment":[{"href":"https:\/\/www.druide-audio.fr\/index.php\/wp-json\/wp\/v2\/media?parent=58"}],"curies":[{"name":"wp","href":"https:\/\/api.w.org\/{rel}","templated":true}]}}