{"id":845,"date":"2023-01-29T19:34:20","date_gmt":"2023-01-29T18:34:20","guid":{"rendered":"https:\/\/www.druide-audio.fr\/?page_id=845"},"modified":"2023-01-29T19:34:20","modified_gmt":"2023-01-29T18:34:20","slug":"support-premiere-generation","status":"publish","type":"page","link":"https:\/\/www.druide-audio.fr\/index.php\/support-premiere-generation\/","title":{"rendered":"Support premi\u00e8re g\u00e9n\u00e9ration"},"content":{"rendered":"","protected":false},"excerpt":{"rendered":"","protected":false},"author":1,"featured_media":0,"parent":0,"menu_order":0,"comment_status":"closed","ping_status":"closed","template":"","meta":{"footnotes":""},"class_list":["post-845","page","type-page","status-publish","czr-hentry"],"jetpack-related-posts":[{"id":58,"url":"https:\/\/www.druide-audio.fr\/index.php\/supports\/","url_meta":{"origin":845,"position":0},"title":"Supports","date":"8 septembre 2020","format":false,"excerpt":"","rel":"","context":"Article similaire","img":{"alt_text":"","src":"","width":0,"height":0},"classes":[]}],"_links":{"self":[{"href":"https:\/\/www.druide-audio.fr\/index.php\/wp-json\/wp\/v2\/pages\/845","targetHints":{"allow":["GET"]}}],"collection":[{"href":"https:\/\/www.druide-audio.fr\/index.php\/wp-json\/wp\/v2\/pages"}],"about":[{"href":"https:\/\/www.druide-audio.fr\/index.php\/wp-json\/wp\/v2\/types\/page"}],"author":[{"embeddable":true,"href":"https:\/\/www.druide-audio.fr\/index.php\/wp-json\/wp\/v2\/users\/1"}],"replies":[{"embeddable":true,"href":"https:\/\/www.druide-audio.fr\/index.php\/wp-json\/wp\/v2\/comments?post=845"}],"version-history":[{"count":1,"href":"https:\/\/www.druide-audio.fr\/index.php\/wp-json\/wp\/v2\/pages\/845\/revisions"}],"predecessor-version":[{"id":846,"href":"https:\/\/www.druide-audio.fr\/index.php\/wp-json\/wp\/v2\/pages\/845\/revisions\/846"}],"wp:attachment":[{"href":"https:\/\/www.druide-audio.fr\/index.php\/wp-json\/wp\/v2\/media?parent=845"}],"curies":[{"name":"wp","href":"https:\/\/api.w.org\/{rel}","templated":true}]}}