{"id":911,"date":"2023-01-30T09:27:18","date_gmt":"2023-01-30T08:27:18","guid":{"rendered":"https:\/\/www.druide-audio.fr\/?page_id=911"},"modified":"2023-01-30T18:18:19","modified_gmt":"2023-01-30T17:18:19","slug":"mentions-legales","status":"publish","type":"page","link":"https:\/\/www.druide-audio.fr\/index.php\/mentions-legales\/","title":{"rendered":"Mentions l\u00e9gales"},"content":{"rendered":"<p class=\"font_8\">En naviguant sur ce site, l&#8217;utilisateur accepte sans r\u00e9serve les dispositions et conditions d&#8217;utilisation qui suivent.<\/p>\n<p class=\"font_8\"><span class=\"wixGuard\">\u200b<\/span><\/p>\n<h2 class=\"font_2\">Informations L\u00e9gales<\/h2>\n<h3 class=\"font_3\">D\u00e9nomination<\/h3>\n<h3 class=\"font_3\"><span class=\"wixGuard\">\u200b<\/span><\/h3>\n<ul class=\"font_8\">\n<li>\n<p class=\"font_8\">Site :\u00a0<a href=\"https:\/\/www.bulbo.fr\/\" target=\"_blank\" rel=\"noopener\">www.druide-audio.fr<\/a><\/p>\n<\/li>\n<li>\n<p class=\"font_8\">Editeur \/ Proprie\u0301taire : W&amp;B Studio \/ Jean Luc Sazio<\/p>\n<\/li>\n<li>\n<p class=\"font_8\">D\u00e9nomination sociale ou raison sociale : MONSIEUR Wolf Michel<\/p>\n<\/li>\n<li>\n<p class=\"font_8\">Adresse du si\u00e8ge social de l\u2019entreprise :<\/p>\n<p class=\"p1\"><strong>\u00a0Druid\u2019Audio Composite <span class=\"Apple-converted-space\">\u00a0 \u00a0<\/span><\/strong><\/p>\n<p class=\"p1\"><strong>23 Rue Jean Qu\u00e9guiner\u00a0<\/strong><\/p>\n<p class=\"p1\"><strong>29670,<span class=\"Apple-converted-space\">\u00a0<\/span>Locqu\u00e9nol\u00e9.<\/strong><\/p>\n<\/li>\n<li>\n<p class=\"font_8\">Noms des dirigeants de l\u2019entreprise. Wolf Michel<\/p>\n<\/li>\n<li>\n<p class=\"font_8\">Num\u00e9ro de t\u00e9l\u00e9phone, num\u00e9ro de fax et adresse e-mail de l&#8217;entreprise. 06 79 83 02 38<\/p>\n<\/li>\n<li>\n<p class=\"font_8\">Num\u00e9ro d\u2019enregistrement au registre du commerce et des soci\u00e9t\u00e9s \u00a0ou autre autorit\u00e9 applicable a l\u2019activit\u00e9.<\/p>\n<\/li>\n<li>\n<p class=\"font_8\">Num\u00e9ro d\u2019identification fiscale.<\/p>\n<\/li>\n<li>\n<p class=\"font_8\">Entreprise individuelle\u200b<\/p>\n<\/li>\n<li>\n<p class=\"font_8\">Directeur de la publication : W&amp;B Studio<\/p>\n<\/li>\n<li>\n<p class=\"font_8\">Conception et re\u0301alisation : W&amp;B Studio<\/p>\n<\/li>\n<\/ul>\n<p class=\"font_8\"><span class=\"wixGuard\">\u200b<\/span><\/p>\n<p class=\"font_8\"><span class=\"wixGuard\">\u200b<\/span><\/p>\n<h3 class=\"font_3\">H\u00e9bergeur<\/h3>\n<p class=\"font_8\">L\u2019he\u0301bergeur est OVH, Socie\u0301te\u0301 par Actions Simplifie\u0301e a\u0300 Associe\u0301 Unique, au capital de 10 069 020 \u20ac, dont le sie\u0300ge social est situe\u0301 2 rue Kellermann, 59100, Roubaix, RCS LILLE n\u00b0424 761 419.<\/p>\n<p class=\"font_8\"><span class=\"wixGuard\">\u200b<\/span><\/p>\n<h2 class=\"font_2\">Acc\u00e8s au site<\/h2>\n<p class=\"font_8\">L\u2019acce\u0300s au site et son utilisation sont re\u0301serve\u0301s a\u0300 un usage strictement personnel. L\u2019utilisateur s\u2019engage a\u0300 ne pas utiliser ce site et les informations ou donne\u0301es qui y figurent a\u0300 des fins commerciales, politiques ou publicitaires et notamment pas pour l\u2019envoi de courriers e\u0301lectroniques non sollicite\u0301s<\/p>\n<p class=\"font_8\"><span class=\"wixGuard\">\u200b<\/span><\/p>\n<h2 class=\"font_2\">Contenu du site<\/h2>\n<p class=\"font_8\">Toutes les marques, photographies, textes, commentaires, illustrations, images anime\u0301es ou non, se\u0301quences vide\u0301o, sons, ainsi que toutes les applications informatiques qui pourraient e\u0302tre utilise\u0301es pour faire fonctionner ce site et plus ge\u0301ne\u0301ralement tous les e\u0301le\u0301ments reproduits ou utilise\u0301s sur le site sont prote\u0301ge\u0301s par les lois en vigueur au titre de la proprie\u0301te\u0301 intellectuelle. Ils sont la proprie\u0301te\u0301 pleine et entie\u0300re de Wolf Michel \/ W&amp;B Studio ou de ses partenaires. Toute reproduction, repre\u0301sentation, utilisation ou adaptation, sous quelque forme que ce soit, de tout ou partie de ces e\u0301le\u0301ments, y compris les applications informatiques, sans son accord pre\u0301alable et e\u0301crit, sont strictement interdites. Le fait pour W&amp;B Studio de ne pas engager de proce\u0301dure de\u0300s la prise de connaissance de ces utilisations non autorise\u0301es ne vaut pas acceptation desdites utilisations et renonciation aux poursuites.<\/p>\n<p class=\"font_8\"><span class=\"wixGuard\">\u200b<\/span><\/p>\n<h2 class=\"font_2\">Gestion du site<\/h2>\n<p class=\"font_8\">Pour la bonne gestion du site, W&amp;B Studio peut a\u0300 tout moment :<\/p>\n<ul class=\"font_8\">\n<li>\n<p class=\"font_8\">Suspendre, interrompre ou limiter l&#8217;acce\u0300s a\u0300 tout ou partie du site, re\u0301server l&#8217;acce\u0300s au site, ou a\u0300 certaines parties du site, a\u0300 une cate\u0301gorie de\u0301termine\u0301e d&#8217;internautes<\/p>\n<\/li>\n<li>\n<p class=\"font_8\">Supprimer toute information pouvant en perturber le fonctionnement ou entrant en contravention avec les lois nationales ou internationales<\/p>\n<\/li>\n<li>\n<p class=\"font_8\">Suspendre le site afin de proce\u0301der a\u0300 des mises a\u0300 jour<\/p>\n<\/li>\n<\/ul>\n<p class=\"font_8\">Il est pre\u0301cise\u0301 que Druid audio s\u2019efforce d\u2019assurer au mieux de ses possibilite\u0301s l\u2019exactitude et la mise a\u0300 jour des informations diffuse\u0301es sur ce site dont elle se re\u0301serve le droit de corriger, a\u0300 tout moment et sans pre\u0301avis, le contenu. Toutefois, elle ne peut garantir l\u2019exactitude, la pre\u0301cision ou l\u2019exhaustivite\u0301 des informations mises a\u0300 la disposition sur ce site.<\/p>\n<p class=\"font_8\"><span class=\"wixGuard\">\u200b<\/span><\/p>\n<h2 class=\"font_2\">Responsabilit\u00e9s<\/h2>\n<p class=\"font_8\">La responsabilite\u0301 de W&amp;B Studio ne peut e\u0302tre engage\u0301e en cas de de\u0301faillance, panne, difficulte\u0301 ou interruption de fonctionnement, empe\u0302chant l&#8217;acce\u0300s au site ou a\u0300 une de ses fonctionnalite\u0301s. Le mate\u0301riel de connexion au site de l\u2019utilisateur est sous son entie\u0300re responsabilite\u0301. L\u2019utilisateur prend toutes les mesures approprie\u0301es pour prote\u0301ger son mate\u0301riel et ses propres donne\u0301es notamment d&#8217;attaques virales par Internet. L\u2019utilisateur est par ailleurs le seul responsable des sites et donne\u0301es qu\u2019il consulte.<\/p>\n<p class=\"font_8\">W&amp;B Studio ne peut e\u0302tre tenue responsable en cas de poursuites judiciaires a\u0300 l\u2019encontre de l\u2019utilisateur :<\/p>\n<ul class=\"font_8\">\n<li>\n<p class=\"font_8\">Du fait de l&#8217;usage du site ou de tout service accessible via Internet<\/p>\n<\/li>\n<li>\n<p class=\"font_8\">Du fait du non-respect par l\u2019utilisateur des pre\u0301sentes conditions d\u2019utilisation.<\/p>\n<\/li>\n<\/ul>\n<p class=\"font_8\">W&amp;B Studio n&#8217;est pas responsable des dommages cause\u0301s a\u0300 l\u2019utilisateur, a\u0300 des tiers et\/ou a\u0300 l\u2019e\u0301quipement de l\u2019utilisateur du fait de sa connexion ou de son utilisation du site. L\u2019utilisateur renonce a\u0300 toute action contre W&amp;B Studio de ce fait. Si W&amp;B Studio venait a\u0300 faire l&#8217;objet d&#8217;une proce\u0301dure amiable ou judiciaire a\u0300 raison de l\u2019utilisation du site, elle peut se retourner contre l\u2019utilisateur pour obtenir l\u2019indemnisation de tous les pre\u0301judices, sommes, condamnations et frais qui pourraient de\u0301couler de cette proce\u0301dure.<\/p>\n<p class=\"font_8\"><span class=\"wixGuard\">\u200b<\/span><\/p>\n<h2 class=\"font_2\">Liens hypertextes<\/h2>\n<p class=\"font_8\">La mise en place par l\u2019utilisateur de tous liens hypertextes vers tout ou partie du site est strictement interdite, sauf autorisation pre\u0301alable et e\u0301crite de W&amp;B Studio, sollicite\u0301e par courriel a\u0300 l&#8217;adresse suivante :\u00a0<a href=\"mailto:williambaudouin@gmail.com\" data-auto-recognition=\"true\">williambaudouin@gmail.com<\/a><\/p>\n<p class=\"font_8\">W&amp;B Studio est libre de refuser cette autorisation sans avoir a\u0300 justifier de quelque manie\u0300re que ce soit sa de\u0301cision. Dans le cas ou\u0300 W&amp;B Studio accorderait son autorisation, celle-ci n&#8217;est dans tous les cas que temporaire et pourra e\u0302tre retire\u0301e a\u0300 tout moment, sans obligation de justification. Dans tous les cas, tout lien devra e\u0302tre retire\u0301 sur simple demande de W&amp;B Studio. Toute information accessible via un lien vers d&#8217;autres sites n&#8217;est pas sous le contro\u0302le de W&amp;B Studio qui de\u0301cline toute responsabilite\u0301 quant a\u0300 leur contenu.<\/p>\n<p class=\"font_8\"><span class=\"wixGuard\">\u200b<\/span><\/p>\n<h2 class=\"font_2\">Photographie et repr\u00e9sentation des produits<\/h2>\n<p class=\"font_8\">Les photographies de produits, accompagnant leur description, ne sont pas contractuelles et n&#8217;engagent pas W&amp;B Studio.<\/p>\n<p class=\"font_8\"><span class=\"wixGuard\">\u200b<\/span><\/p>\n<h2 class=\"font_2\">Loi applicable<\/h2>\n<p class=\"font_8\">Les pre\u0301sentes conditions d&#8217;utilisation du site sont re\u0301gies par la loi franc\u0327aise et soumises a\u0300 la compe\u0301tence des tribunaux de Paris, sous re\u0301serve d&#8217;une attribution de compe\u0301tence spe\u0301cifique de\u0301coulant d&#8217;un texte le\u0301gislatif ou re\u0301glementaire particulier.<\/p>\n<p class=\"font_8\"><span class=\"wixGuard\">\u200b<\/span><\/p>\n<h2 class=\"font_2\">Contact<\/h2>\n<p class=\"font_8\">Pour toute question, information sur les produits pre\u0301sente\u0301s sur le site, ou concernant le site lui- me\u0302me, vous pouvez laisser un message a\u0300 l&#8217;adresse suivante :\u00a0<a href=\"mailto:contact@bulbo.fr\" target=\"_self\" rel=\"noopener\">williambaudouin@gmail.com<\/a><\/p>\n","protected":false},"excerpt":{"rendered":"<p>En naviguant sur ce site, l&#8217;utilisateur accepte sans r\u00e9serve les dispositions et conditions d&#8217;utilisation qui suivent. \u200b Informations L\u00e9gales D\u00e9nomination \u200b Site :\u00a0www.druide-audio.fr Editeur \/ Proprie\u0301taire : W&amp;B Studio \/ Jean Luc Sazio D\u00e9nomination sociale ou raison sociale : MONSIEUR Wolf Michel Adresse du si\u00e8ge social de l\u2019entreprise : \u00a0Druid\u2019Audio Composite \u00a0 \u00a0 23 Rue [&hellip;]<\/p>\n","protected":false},"author":1,"featured_media":0,"parent":0,"menu_order":0,"comment_status":"closed","ping_status":"closed","template":"","meta":{"footnotes":""},"class_list":["post-911","page","type-page","status-publish","czr-hentry"],"jetpack-related-posts":[{"id":2,"url":"https:\/\/www.druide-audio.fr\/index.php\/page-d-exemple\/","url_meta":{"origin":911,"position":0},"title":"Page d\u2019exemple","date":"8 septembre 2020","format":false,"excerpt":"Ceci est une page d\u2019exemple. C\u2019est diff\u00e9rent d\u2019un article de blog parce qu\u2019elle restera au m\u00eame endroit et appara\u00eetra dans la navigation de votre site (dans la plupart des th\u00e8mes). La plupart des gens commencent par une page \u00ab\u00a0\u00c0 propos\u00a0\u00bb qui les pr\u00e9sente aux visiteurs du site. Cela pourrait ressembler\u2026","rel":"","context":"Article similaire","img":{"alt_text":"","src":"","width":0,"height":0},"classes":[]}],"_links":{"self":[{"href":"https:\/\/www.druide-audio.fr\/index.php\/wp-json\/wp\/v2\/pages\/911","targetHints":{"allow":["GET"]}}],"collection":[{"href":"https:\/\/www.druide-audio.fr\/index.php\/wp-json\/wp\/v2\/pages"}],"about":[{"href":"https:\/\/www.druide-audio.fr\/index.php\/wp-json\/wp\/v2\/types\/page"}],"author":[{"embeddable":true,"href":"https:\/\/www.druide-audio.fr\/index.php\/wp-json\/wp\/v2\/users\/1"}],"replies":[{"embeddable":true,"href":"https:\/\/www.druide-audio.fr\/index.php\/wp-json\/wp\/v2\/comments?post=911"}],"version-history":[{"count":2,"href":"https:\/\/www.druide-audio.fr\/index.php\/wp-json\/wp\/v2\/pages\/911\/revisions"}],"predecessor-version":[{"id":941,"href":"https:\/\/www.druide-audio.fr\/index.php\/wp-json\/wp\/v2\/pages\/911\/revisions\/941"}],"wp:attachment":[{"href":"https:\/\/www.druide-audio.fr\/index.php\/wp-json\/wp\/v2\/media?parent=911"}],"curies":[{"name":"wp","href":"https:\/\/api.w.org\/{rel}","templated":true}]}}